{"id":2406,"date":"2025-10-08T22:42:30","date_gmt":"2025-10-08T20:42:30","guid":{"rendered":"https:\/\/sh2pg.fr\/2017\/?page_id=2406"},"modified":"2026-02-02T18:53:20","modified_gmt":"2026-02-02T17:53:20","slug":"conferences-2026-2","status":"publish","type":"page","link":"https:\/\/sh2pg.fr\/2017\/conferences-2026-2\/","title":{"rendered":"Conf\u00e9rences 2026"},"content":{"rendered":"\n<p class=\"has-text-color has-link-color wp-elements-8715786aefc17db7aaf4c039c9ad6115\" style=\"color:#800000\"><strong>Vendredi 23 janvier<\/strong><\/p>\n\n\n\n<blockquote class=\"wp-block-quote is-layout-flow wp-block-quote-is-layout-flow\">\n<h5 class=\"wp-block-heading\"><strong><mark style=\"background-color:rgba(0, 0, 0, 0);color:#6d0404\" class=\"has-inline-color\">Assembl\u00e9e g\u00e9n\u00e9rale d\u00e8s 16H30<\/mark><\/strong><br><strong><mark style=\"background-color:rgba(0, 0, 0, 0);color:#530101\" class=\"has-inline-color\">suivie \u00e0 17H30 de la conf\u00e9rence :<\/mark><\/strong><\/h5>\n\n\n\n<p><br><strong>\u00ab La Guerre 1914-1918 en chansons \u00bb par Yves Drillaud<\/strong><\/p>\n\n\n\n<p><em><strong>La France 14-18 en chansons ce sont 390 diapositives qui illustrent 12 chansons \u00e9voquant la mont\u00e9e du nationalisme, la propagande au d\u00e9but de la guerre mais aussi la duret\u00e9 des combats, la lassitude des combattants et la victoire<\/strong><\/em>.<\/p>\n\n\n\n<p><\/p>\n\n\n\n<blockquote class=\"wp-block-quote is-layout-flow wp-block-quote-is-layout-flow\">\n<figure class=\"wp-block-image size-full is-resized\"><img loading=\"lazy\" decoding=\"async\" width=\"483\" height=\"715\" src=\"https:\/\/sh2pg.fr\/2017\/wp-content\/uploads\/DRILLAUD_chanson14-18.jpg\" alt=\"\" class=\"wp-image-2461\" style=\"width:404px;height:auto\" srcset=\"https:\/\/sh2pg.fr\/2017\/wp-content\/uploads\/DRILLAUD_chanson14-18.jpg 483w, https:\/\/sh2pg.fr\/2017\/wp-content\/uploads\/DRILLAUD_chanson14-18-203x300.jpg 203w\" sizes=\"auto, (max-width: 483px) 100vw, 483px\" \/><figcaption class=\"wp-element-caption\"><br><br><\/figcaption><\/figure>\n<\/blockquote>\n\n\n\n<p class=\"has-text-color has-link-color wp-elements-63a2edb8e6670418c59cb1ee73457d95\" style=\"color:#800000\"><strong>Vendredi 13 f\u00e9vrier<\/strong><\/p>\n<\/blockquote>\n\n\n\n<blockquote class=\"wp-block-quote is-layout-flow wp-block-quote-is-layout-flow\">\n<blockquote class=\"wp-block-quote is-layout-flow wp-block-quote-is-layout-flow\">\n<figure class=\"wp-block-image size-large is-resized\"><img loading=\"lazy\" decoding=\"async\" width=\"886\" height=\"1024\" src=\"https:\/\/sh2pg.fr\/2017\/wp-content\/uploads\/Guillois_timbre-886x1024.jpg\" alt=\"\" class=\"wp-image-2451\" style=\"width:324px;height:auto\" srcset=\"https:\/\/sh2pg.fr\/2017\/wp-content\/uploads\/Guillois_timbre-886x1024.jpg 886w, https:\/\/sh2pg.fr\/2017\/wp-content\/uploads\/Guillois_timbre-259x300.jpg 259w, https:\/\/sh2pg.fr\/2017\/wp-content\/uploads\/Guillois_timbre-768x888.jpg 768w, https:\/\/sh2pg.fr\/2017\/wp-content\/uploads\/Guillois_timbre.jpg 979w\" sizes=\"auto, (max-width: 886px) 100vw, 886px\" \/><\/figure>\n<\/blockquote>\n\n\n\n<p>\u00ab\u00a0<strong>La philat\u00e9lie 1940-1944, un outil de propagande pour l&rsquo;Etat fran\u00e7ais et le Gouvernement de la France libre\u00a0\u00bb par Didier Guillois<\/strong><\/p>\n\n\n\n<p>L&rsquo;administration des postes de l&rsquo;Etat fran\u00e7ais \u00e9mettra plusieurs timbres \u00e0 l&rsquo;effigie du mar\u00e9chal P\u00e9tain apr\u00e8s le succ\u00e8s du d\u00e9barquement du 6 juin 1944. Les maquis qui participent \u00e0 la lib\u00e9ration du territoire utilisent les timbres \u00e0 l&rsquo;effigie de P\u00e9tain en les surchargeant d&rsquo;une croix de Lorraine ou autres sigles afin de marquer la lib\u00e9ration de ces territoires. Le gouvernement de la France libre \u00e9met aussi ses propres timbres, le g\u00e9n\u00e9ral De Gaulle refusant l&#8217;emploi&nbsp;des timbres de Vichy et des timbres des alli\u00e9s.<\/p>\n<\/blockquote>\n\n\n\n<p class=\"has-text-color has-link-color wp-elements-3f00a82a7f1ccfdd00ffdc49b1a2007b\" style=\"color:#800000\"><strong>Vendredi 06 mars<\/strong><\/p>\n\n\n\n<figure class=\"wp-block-image size-full\"><img loading=\"lazy\" decoding=\"async\" width=\"636\" height=\"409\" src=\"https:\/\/sh2pg.fr\/2017\/wp-content\/uploads\/La-Faziliere.png\" alt=\"\" class=\"wp-image-2414\" srcset=\"https:\/\/sh2pg.fr\/2017\/wp-content\/uploads\/La-Faziliere.png 636w, https:\/\/sh2pg.fr\/2017\/wp-content\/uploads\/La-Faziliere-300x193.png 300w\" sizes=\"auto, (max-width: 636px) 100vw, 636px\" \/><\/figure>\n\n\n\n<blockquote class=\"wp-block-quote is-layout-flow wp-block-quote-is-layout-flow\">\n<p><strong>\u00ab Quand la vannerie fa\u00e7onnait un village : l&rsquo;histoire singuli\u00e8re de La Fazili\u00e8re \u00bb<br>par Laurent Pineau<\/strong><\/p>\n\n\n\n<p>La Fazili\u00e8re ? Derri\u00e8re ce toponyme, en apparence banal pour un lieu-dit en G\u00e2tine, se cache une histoire<br>socio-\u00e9conomique unique, marqu\u00e9e par le d\u00e9veloppement, au d\u00e9but du XIX\u00e8me si\u00e8cle, d\u2019une activit\u00e9<br>artisanale embl\u00e9matique : la vannerie en ch\u00e2taignier. Pendant pr\u00e8s de deux cents ans, ce hameau de<br>Vernoux-en-G\u00e2tine s\u2019est distingu\u00e9 des campagnes environnantes, formant une microsoci\u00e9t\u00e9 \u00e0 part enti\u00e8re, centr\u00e9e autour de ce savoir-faire artisanal.<br>Si les archives \u00e9crites restent rares pour expliquer l\u2019essor de cette activit\u00e9, les t\u00e9moignages recueillis aupr\u00e8s des derniers vanniers en activit\u00e9, r\u00e9v\u00e8lent une page m\u00e9connue de notre histoire contemporaine et de notre patrimoine local.<\/p>\n<\/blockquote>\n\n\n\n<p class=\"has-text-color has-link-color wp-elements-8193f20898e2b258a304ebf88fc2bd2d\" style=\"color:#800000\"><strong>Vendredi 03 avril<\/strong><\/p>\n\n\n\n<figure class=\"wp-block-image size-full is-resized\"><img loading=\"lazy\" decoding=\"async\" width=\"884\" height=\"614\" src=\"https:\/\/sh2pg.fr\/2017\/wp-content\/uploads\/Sance.jpg\" alt=\"\" class=\"wp-image-2411\" style=\"width:746px;height:auto\" srcset=\"https:\/\/sh2pg.fr\/2017\/wp-content\/uploads\/Sance.jpg 884w, https:\/\/sh2pg.fr\/2017\/wp-content\/uploads\/Sance-300x208.jpg 300w, https:\/\/sh2pg.fr\/2017\/wp-content\/uploads\/Sance-768x533.jpg 768w\" sizes=\"auto, (max-width: 884px) 100vw, 884px\" \/><figcaption class=\"wp-element-caption\"><em>La pie<\/em>, par Yvonne Nordey (d\u2019apr\u00e8s Claude Monet)<\/figcaption><\/figure>\n\n\n\n<blockquote class=\"wp-block-quote is-layout-flow wp-block-quote-is-layout-flow\">\n<p><strong>\u00ab<\/strong> <strong>Vivre avec le refroidissement climatique : l&rsquo;ann\u00e9e 1709 dans la France de l&rsquo;ouest \u00bb<\/strong><br><strong>par Beno\u00eet Sanc\u00e9<\/strong><\/p>\n\n\n\n<p>En 1709, pendant une p\u00e9riode de refroidissement climatique appel\u00e9 \u00ab&nbsp;le petit \u00e2ge glaciaire&nbsp;\u00bb se tient un hiver si difficile qu\u2019il a marqu\u00e9 les contemporains.<\/p>\n\n\n\n<p>Les historiens et scientifiques s\u2019accordent aujourd\u2019hui pour voir dans une diminution de l\u2019irradiance solaire et dans une s\u00e9rie d\u2019\u00e9ruptions volcaniques les causes de la forte baisse des temp\u00e9ratures. La faune et la flore souffrent particuli\u00e8rement. Mais les hommes ne sont pas \u00e9pargn\u00e9s non plus par plusieurs vagues de froid successives en janvier et f\u00e9vrier 1709. A Paris, il fait -20 \u00b0C et le vin g\u00e8le sur la table du roi. Le printemps, humide et temp\u00e9tueux n\u2019am\u00e9liore pas la situation. Cela entra\u00eene une crise prot\u00e9iforme avec un d\u00e9r\u00e8glement des r\u00e9coltes, de l\u2019\u00e9conomie, de la d\u00e9mographie, entra\u00eenant \u00e9galement une crise sociale et politique. La France n\u2019est pas la seule puisqu\u2019une grande partie de l\u2019Europe est touch\u00e9e et m\u00eame les canaux de Venise sont pris dans les glaces.<\/p>\n\n\n\n<p>Si la situation en France et en Europe a \u00e9t\u00e9 \u00e9tudi\u00e9e, qu\u2019en est-il pour le Centre-Ouest, c\u2019est-\u00e0-dire le Haut et Bas-Poitou, l\u2019Aunis et la Saintonge&nbsp;?&nbsp; Quel est l\u2019impact de ce grand hiver sur cet espace en th\u00e9orie prot\u00e9g\u00e9 par un climat oc\u00e9anique, une polyculture d\u00e9j\u00e0 tourn\u00e9e vers l\u2019exportation et des solidarit\u00e9s locales ou confessionnelles&nbsp;? <br>Et si il y avait des id\u00e9es \u00e0 prendre&nbsp;face au d\u00e9r\u00e8glement climatique actuel ?&#8230;<\/p>\n<\/blockquote>\n\n\n\n<p class=\"has-text-color has-link-color wp-elements-76dcf7984b1ebb62b5f8325f197d478a\" style=\"color:#800000\"><strong>Vendredi 22 mai<\/strong><\/p>\n\n\n\n<blockquote class=\"wp-block-quote is-layout-flow wp-block-quote-is-layout-flow\">\n<figure class=\"wp-block-image size-large is-resized\"><img loading=\"lazy\" decoding=\"async\" width=\"1024\" height=\"648\" src=\"https:\/\/sh2pg.fr\/2017\/wp-content\/uploads\/Brigadedebouchers.AbattoirsdeBressuire-vers1930-1024x648.jpg\" alt=\"\" class=\"wp-image-2419\" style=\"width:558px;height:auto\" srcset=\"https:\/\/sh2pg.fr\/2017\/wp-content\/uploads\/Brigadedebouchers.AbattoirsdeBressuire-vers1930-1024x648.jpg 1024w, https:\/\/sh2pg.fr\/2017\/wp-content\/uploads\/Brigadedebouchers.AbattoirsdeBressuire-vers1930-300x190.jpg 300w, https:\/\/sh2pg.fr\/2017\/wp-content\/uploads\/Brigadedebouchers.AbattoirsdeBressuire-vers1930-768x486.jpg 768w, https:\/\/sh2pg.fr\/2017\/wp-content\/uploads\/Brigadedebouchers.AbattoirsdeBressuire-vers1930-1536x972.jpg 1536w, https:\/\/sh2pg.fr\/2017\/wp-content\/uploads\/Brigadedebouchers.AbattoirsdeBressuire-vers1930.jpg 2048w\" sizes=\"auto, (max-width: 1024px) 100vw, 1024px\" \/><figcaption class=\"wp-element-caption\">Brigade de bouchers. Abattoirs de Bressuire (vers 1930)<\/figcaption><\/figure>\n\n\n\n<p><strong>\u00ab<\/strong> <strong>Le B\u0153uf, le boucher, la viande : regards d&rsquo;un historien sur la boucherie en ville et en campagne (XIX-XXe) \u00bb<\/strong><br><strong>par Sylvain Leteux.<\/strong><\/p>\n\n\n\n<p>L\u2019activit\u00e9 bouch\u00e8re a \u00e9t\u00e9 longtemps stigmatis\u00e9e et d\u00e9nonc\u00e9e, notamment dans les villes du<br>Moyen Age et de l\u2019\u00e9poque moderne. C\u2019est une activit\u00e9 li\u00e9e au n\u00e9goce, \u00e0 l\u2019argent, \u00e0 la mise \u00e0<br>mort, au sang, \u00e0 la souillure, aux nuisances urbaines&nbsp;: les tueries particuli\u00e8res sont des lieux<br>connot\u00e9s n\u00e9gativement. A partir du XIX e si\u00e8cle s\u2019amorce une modernisation de la boucherie,<br>avec une s\u00e9paration progressive des deux pans de l\u2019activit\u00e9&nbsp;: la mise \u00e0 mort et la d\u00e9coupe de gros<br>(l\u2019abatage) et la vente au d\u00e9tail \u00e0 la client\u00e8le (boucherie de d\u00e9tail). Cette s\u00e9paration connait une<br>chronologie tr\u00e8s variable selon la taille des centres de consommation (ville \/ campagne).<br>L\u2019int\u00e9r\u00eat du territoire des Deux S\u00e8vres est qu\u2019il conserve une activit\u00e9 d\u2019abatage importante (li\u00e9e<br>\u00e0 l\u2019image de marque de la race \u00e0 viande parthenaise) mais \u00e9galement des traces patrimoniales<br>bien conserv\u00e9es des abattoirs communaux des ann\u00e9es 1870 (\u00e0 Bressuire et Thouars notamment).<br>La G\u00e2tine parthenaise est une zone ancienne d\u2019\u00e9levage bovin, avec une tradition d\u2019exp\u00e9dition de<br>la viande vers Paris. Il est int\u00e9ressant de comparer l\u2019\u00e9volution sur le long terme, de la R\u00e9volution<br>\u00e0 la fin du XXe si\u00e8cle, de l\u2019activit\u00e9 bouch\u00e8re dans une r\u00e9gion agricole d\u2019\u00e9levage avec la situation<br>d\u2019un grand centre de consommation comme Paris.<br>A travers des supports visuels (gravures, photos), Sylvain Leteux propose son regard d\u2019historien<br>sur l\u2019\u00e9volution de l\u2019activit\u00e9 bouch\u00e8re.<\/p>\n<\/blockquote>\n\n\n\n<p class=\"has-text-color has-link-color wp-elements-03ee6628a889e43229387c09664d04c6\" style=\"color:#800000\"><strong>Vendredi 09 octobre<\/strong><\/p>\n\n\n\n<blockquote class=\"wp-block-quote is-layout-flow wp-block-quote-is-layout-flow\">\n<p><strong><mark style=\"background-color:rgba(0, 0, 0, 0)\" class=\"has-inline-color has-black-color\">\u00ab\u00a0<em>L\u2019\u00e9volution du commerce \u00e0 Parthenay 1900-2020<\/em>\u00a0\u00bb <em>par Yves Drillaud<\/em><\/mark><\/strong><\/p>\n<\/blockquote>\n\n\n\n<blockquote class=\"wp-block-quote is-layout-flow wp-block-quote-is-layout-flow\">\n<figure class=\"wp-block-image size-large is-resized\"><img loading=\"lazy\" decoding=\"async\" width=\"1024\" height=\"970\" src=\"https:\/\/sh2pg.fr\/2017\/wp-content\/uploads\/Yves_24-bld-de-la-meillerayejpg-1024x970.jpeg\" alt=\"\" class=\"wp-image-2494\" style=\"width:412px;height:auto\" srcset=\"https:\/\/sh2pg.fr\/2017\/wp-content\/uploads\/Yves_24-bld-de-la-meillerayejpg-1024x970.jpeg 1024w, https:\/\/sh2pg.fr\/2017\/wp-content\/uploads\/Yves_24-bld-de-la-meillerayejpg-300x284.jpeg 300w, https:\/\/sh2pg.fr\/2017\/wp-content\/uploads\/Yves_24-bld-de-la-meillerayejpg-768x728.jpeg 768w, https:\/\/sh2pg.fr\/2017\/wp-content\/uploads\/Yves_24-bld-de-la-meillerayejpg-1536x1456.jpeg 1536w, https:\/\/sh2pg.fr\/2017\/wp-content\/uploads\/Yves_24-bld-de-la-meillerayejpg-2048x1941.jpeg 2048w\" sizes=\"auto, (max-width: 1024px) 100vw, 1024px\" \/><figcaption class=\"wp-element-caption\"><strong>24 Bld de la Meilleraye \u00e0 Parthenay<\/strong><\/figcaption><\/figure>\n<\/blockquote>\n\n\n\n<blockquote class=\"wp-block-quote is-layout-flow wp-block-quote-is-layout-flow\">\n<p>Depuis 1900 le commerce a nettement \u00e9volu\u00e9 \u00e0 Parthenay comme partout en France . On peut diff\u00e9rencier trois \u00e9tapes :<\/p>\n\n\n\n<ul class=\"wp-block-list\">\n<li>1900 -1950 : le temps du petit commerce<\/li>\n<\/ul>\n\n\n\n<ul class=\"wp-block-list\">\n<li>1950 &#8211; 1990 : L\u2019\u00e2ge d\u2019or du commerce &nbsp;mais une \u00e9volution perceptible<\/li>\n<\/ul>\n\n\n\n<ul class=\"wp-block-list\">\n<li>1990 &#8211; 2020 : le d\u00e9clin du commerce de centre -ville<\/li>\n<\/ul>\n<\/blockquote>\n\n\n\n<p><strong><mark style=\"background-color:rgba(0, 0, 0, 0);color:#770000\" class=\"has-inline-color\">Vendredi 06 novembre<\/mark><\/strong><\/p>\n\n\n\n<blockquote class=\"wp-block-quote is-layout-flow wp-block-quote-is-layout-flow\">\n<p><mark style=\"background-color:rgba(0, 0, 0, 0)\" class=\"has-inline-color has-black-color\">\u00ab\u00a0<strong><em>Chemins anciens de la G\u00e2tine, premiers r\u00e9sultats.<\/em>\u00a0\u00bb par Alb\u00e9ric Verdon<\/strong><\/mark><\/p>\n\n\n\n<blockquote class=\"wp-block-quote is-layout-flow wp-block-quote-is-layout-flow\">\n<figure class=\"wp-block-image size-full is-resized\"><img loading=\"lazy\" decoding=\"async\" width=\"567\" height=\"516\" src=\"https:\/\/sh2pg.fr\/2017\/wp-content\/uploads\/carte_generale_chemins_gatine_minie_Alberic.jpg\" alt=\"\" class=\"wp-image-2493\" style=\"width:519px;height:auto\" srcset=\"https:\/\/sh2pg.fr\/2017\/wp-content\/uploads\/carte_generale_chemins_gatine_minie_Alberic.jpg 567w, https:\/\/sh2pg.fr\/2017\/wp-content\/uploads\/carte_generale_chemins_gatine_minie_Alberic-300x273.jpg 300w\" sizes=\"auto, (max-width: 567px) 100vw, 567px\" \/><\/figure>\n<\/blockquote>\n<\/blockquote>\n\n\n\n<blockquote class=\"wp-block-quote is-layout-flow wp-block-quote-is-layout-flow\">\n<blockquote class=\"wp-block-quote is-layout-flow wp-block-quote-is-layout-flow\">\n<p>Notre m\u00e9thode la reconstruction en couleur des cadastres dits napol\u00e9oniens (1810_1838), avec ajout des toponymes et informations diverses extraites des \u00e9tats de sections de cette m\u00eame p\u00e9riode, permet de d\u00e9couvrir des traces d\u2019occupations anciennes et le trac\u00e9 d\u2019anciens chemins pouvant remonter \u00e0 la pr\u00e9histoire. Dans le contexte d\u2019une collaboration avec l\u2019\u00e9quipe de chercheurs traitant des villes antiques en Deux-S\u00e8vres et Vienne, nous avons principalement effectu\u00e9 l\u2019\u00e9tude des voies dans le secteur du Chiron Fauch\u00e9 \u00e0 Ardin et du Touchaud \u00e0 Saint-Marc-la-Lande\/Mazi\u00e8res-en-G\u00e2tine. L\u2019\u00e9tude du chemin des Chauss\u00e9es (sud) a en outre permis de mettre en \u00e9vidence que la G\u00e2tine faisait probablement l\u2019objet d\u2019un am\u00e9nagement routier et urbain qui a brusquement \u00e9t\u00e9 abandonn\u00e9 \u00e0 l\u2019\u00e9poque gallo-romaine. Nous \u00e9voquerons rapidement les autres axes en cours d\u2019\u00e9tude, notamment ceux qui portent une vieille appellation&nbsp;: Chemins Vernolois, Chevaleret, Charbonnier, Porcelier, des Chauss\u00e9es (nord), des Marchands\u2026<\/p>\n<\/blockquote>\n<\/blockquote>\n\n\n\n<p class=\"has-text-color has-link-color wp-elements-d6fe66507492d7ebc3d90061639179f0\" style=\"color:#800000\"><strong>Vendredi 04 d\u00e9cembre<\/strong><\/p>\n\n\n\n<blockquote class=\"wp-block-quote is-layout-flow wp-block-quote-is-layout-flow\">\n<p><em><mark style=\"background-color:rgba(0, 0, 0, 0)\" class=\"has-inline-color has-black-color\"><strong>\u00ab&nbsp;Le G\u00e9n\u00e9ral Nelzir Allard (1798-1877), une carri\u00e8re militaire et politique exceptionnelle.&nbsp;\u00bb<\/strong> <br>   <strong> par Michel Bernier<\/strong><\/mark><\/em><\/p>\n<\/blockquote>\n\n\n\n<div class=\"wp-block-columns is-layout-flex wp-container-core-columns-is-layout-1 wp-block-columns-is-layout-flex\">\n<div class=\"wp-block-column is-layout-flow wp-block-column-is-layout-flow\" style=\"flex-basis:100%\">\n<figure class=\"wp-block-image size-full is-resized\"><img loading=\"lazy\" decoding=\"async\" width=\"657\" height=\"839\" src=\"https:\/\/sh2pg.fr\/2017\/wp-content\/uploads\/Nelzir-Allard.jpg\" alt=\"\" class=\"wp-image-2491\" style=\"width:497px;height:auto\" srcset=\"https:\/\/sh2pg.fr\/2017\/wp-content\/uploads\/Nelzir-Allard.jpg 657w, https:\/\/sh2pg.fr\/2017\/wp-content\/uploads\/Nelzir-Allard-235x300.jpg 235w\" sizes=\"auto, (max-width: 657px) 100vw, 657px\" \/><\/figure>\n\n\n\n<figure class=\"wp-block-image size-large\"><img loading=\"lazy\" decoding=\"async\" width=\"1024\" height=\"586\" src=\"https:\/\/sh2pg.fr\/2017\/wp-content\/uploads\/La-caserne-allard-1024x586.jpg\" alt=\"\" class=\"wp-image-2492\" srcset=\"https:\/\/sh2pg.fr\/2017\/wp-content\/uploads\/La-caserne-allard-1024x586.jpg 1024w, https:\/\/sh2pg.fr\/2017\/wp-content\/uploads\/La-caserne-allard-300x172.jpg 300w, https:\/\/sh2pg.fr\/2017\/wp-content\/uploads\/La-caserne-allard-768x440.jpg 768w, https:\/\/sh2pg.fr\/2017\/wp-content\/uploads\/La-caserne-allard.jpg 1118w\" sizes=\"auto, (max-width: 1024px) 100vw, 1024px\" \/><figcaption class=\"wp-element-caption\">La Caserne Allard fut pendant le XX\u00e8me si\u00e8cle un \u00e9difice embl\u00e9matique de Parthenay<\/figcaption><\/figure>\n<\/div>\n<\/div>\n\n\n\n<blockquote class=\"wp-block-quote is-layout-flow wp-block-quote-is-layout-flow\">\n<p>Nelzir Allard est le fils du premier maire constitutionnel de Parthenay. Il fait une brillante carri\u00e8re militaire au cours de laquelle il participe \u00e0 l\u2019exp\u00e9dition d\u2019Alger en 1830&nbsp;avant de se consacrer aux fortifications de la ville de Paris. Il est \u00e9lu d\u00e9put\u00e9 de l\u2019arrondissement de Parthenay sous la monarchie de Juillet et membre du Conseil g\u00e9n\u00e9ral des Deux-S\u00e8vres qu\u2019il pr\u00e9side pendant plusieurs d\u00e9cennies. A ce titre, il joue un grand r\u00f4le dans la mise en place du r\u00e9seau ferroviaire dans le d\u00e9partement et dans l\u2019am\u00e9lioration de l\u2019agriculture locale. Propri\u00e9taire du ch\u00e2teau de la Touche-Aury \u00e0 la Chapelle-Bertrand, il devient le maire de la commune apr\u00e8s avoir occup\u00e9 de hautes fonctions sous le Second Empire.<\/p>\n<\/blockquote>\n\n\n\n<p><\/p>\n","protected":false},"excerpt":{"rendered":"<p>Vendredi 23 janvier Vendredi 06 mars \u00ab Quand la vannerie fa\u00e7onnait un village : l&rsquo;histoire singuli\u00e8re de La Fazili\u00e8re \u00bbpar<\/p>\n","protected":false},"author":1,"featured_media":0,"parent":0,"menu_order":0,"comment_status":"closed","ping_status":"closed","template":"","meta":{"_mc_calendar":[],"footnotes":""},"wf_page_folders":[],"class_list":["post-2406","page","type-page","status-publish","hentry"],"_links":{"self":[{"href":"https:\/\/sh2pg.fr\/2017\/wp-json\/wp\/v2\/pages\/2406","targetHints":{"allow":["GET"]}}],"collection":[{"href":"https:\/\/sh2pg.fr\/2017\/wp-json\/wp\/v2\/pages"}],"about":[{"href":"https:\/\/sh2pg.fr\/2017\/wp-json\/wp\/v2\/types\/page"}],"author":[{"embeddable":true,"href":"https:\/\/sh2pg.fr\/2017\/wp-json\/wp\/v2\/users\/1"}],"replies":[{"embeddable":true,"href":"https:\/\/sh2pg.fr\/2017\/wp-json\/wp\/v2\/comments?post=2406"}],"version-history":[{"count":10,"href":"https:\/\/sh2pg.fr\/2017\/wp-json\/wp\/v2\/pages\/2406\/revisions"}],"predecessor-version":[{"id":2498,"href":"https:\/\/sh2pg.fr\/2017\/wp-json\/wp\/v2\/pages\/2406\/revisions\/2498"}],"wp:attachment":[{"href":"https:\/\/sh2pg.fr\/2017\/wp-json\/wp\/v2\/media?parent=2406"}],"wp:term":[{"taxonomy":"wf_page_folders","embeddable":true,"href":"https:\/\/sh2pg.fr\/2017\/wp-json\/wp\/v2\/wf_page_folders?post=2406"}],"curies":[{"name":"wp","href":"https:\/\/api.w.org\/{rel}","templated":true}]}}