{"id":2086,"date":"2024-10-13T18:01:40","date_gmt":"2024-10-13T16:01:40","guid":{"rendered":"https:\/\/sh2pg.fr\/2017\/?page_id=2086"},"modified":"2024-11-07T12:35:08","modified_gmt":"2024-11-07T11:35:08","slug":"bulletins-de-la-sh2pg-n17-2021","status":"publish","type":"page","link":"https:\/\/sh2pg.fr\/2017\/bulletins\/bulletins-de-la-sh2pg-n17-2021\/","title":{"rendered":"Bulletins de la SH2PG &#8211; N\u00b018 &#8211; 2022"},"content":{"rendered":"\n<div class=\"wp-block-columns is-layout-flex wp-container-core-columns-is-layout-1 wp-block-columns-is-layout-flex\">\n<div class=\"wp-block-column is-layout-flow wp-block-column-is-layout-flow\" style=\"flex-basis:33.33%\">\n<figure class=\"wp-block-image size-full is-resized\"><img loading=\"lazy\" decoding=\"async\" width=\"388\" height=\"572\" src=\"https:\/\/sh2pg.fr\/2017\/wp-content\/uploads\/18-2022.jpg\" alt=\"\" class=\"wp-image-2092\" style=\"width:218px;height:auto\" srcset=\"https:\/\/sh2pg.fr\/2017\/wp-content\/uploads\/18-2022.jpg 388w, https:\/\/sh2pg.fr\/2017\/wp-content\/uploads\/18-2022-203x300.jpg 203w\" sizes=\"auto, (max-width: 388px) 100vw, 388px\" \/><\/figure>\n\n\n\n<h4 class=\"wp-block-heading has-text-align-left\"><strong>Tarif : 15 \u20ac<\/strong><\/h4>\n<\/div>\n\n\n\n<div class=\"wp-block-column is-layout-flow wp-block-column-is-layout-flow\" style=\"flex-basis:66.66%\">\n<p><strong>Sommaire<\/strong><\/p>\n\n\n\n<div class=\"wp-block-group\"><div class=\"wp-block-group__inner-container is-layout-constrained wp-block-group-is-layout-constrained\">\n<div class=\"wp-block-group\"><div class=\"wp-block-group__inner-container is-layout-constrained wp-block-group-is-layout-constrained\">\n<p><strong>Yves Drillaud<\/strong><br>Un Parthenaisien oubli\u00e9 : le capitaine Aguillon. <strong> p. 3<\/strong><br>1988-1994 : La marche vers un lyc\u00e9e neuf.  <strong>p. 13<\/strong><br><strong>Michel Chatry<\/strong><br>De mars \u00e0 d\u00e9cembre 1832 : le futur mar\u00e9chal de Saint-Arnaud \u00e0 Gourg\u00e9 et Parthenay entre les chouans et le chol\u00e9ra.  <strong>p. 37<\/strong><br><strong>Matthieu Manceau<\/strong><br>Le Camp Veluche, d&rsquo;un camp d&rsquo;entra\u00eenement de l&rsquo;arm\u00e9e polonaise au Frontstalag 231 (1933-1941). <strong>p. 69<\/strong><br><strong>Maria Cavaill\u00e8s<\/strong><br>Proposition d&rsquo;identification d&rsquo;un buste du g\u00e9n\u00e9ral Chabot. <strong>p. 89<\/strong><br><strong>Alain Marteau<\/strong> <br>LA SUTI\u00c8RE &#8211;<strong> p. 99<\/strong><\/p>\n<\/div><\/div>\n<\/div><\/div>\n<\/div>\n<\/div>\n\n\n\n<div class=\"wp-block-algori-pdf-viewer-block-algori-pdf-viewer\"><iframe class=\"wp-block-algori-pdf-viewer-block-algori-pdf-viewer-iframe\" src=\"https:\/\/sh2pg.fr\/2017\/wp-content\/plugins\/algori-pdf-viewer\/dist\/web\/viewer.html?file=https%3A%2F%2Fsh2pg.fr%2F2017%2Fwp-content%2Fuploads%2Fbulletin_SHP2PG_18-2022.pdf\" style=\"width:1200px;height:700px\"><\/iframe><\/div>\n\n\n<ul class=\"wp-block-page-list\"><li class=\"wp-block-pages-list__item\"><a class=\"wp-block-pages-list__item__link\" href=\"https:\/\/sh2pg.fr\/2017\/bulletins\/bulletins-de-la-sh2pg-n0-hors-serie-2004\/\">Bulletins de la SH2PG &#8211; N\u00b00 hors s\u00e9rie &#8211; 2004<\/a><\/li><li class=\"wp-block-pages-list__item\"><a class=\"wp-block-pages-list__item__link\" href=\"https:\/\/sh2pg.fr\/2017\/bulletins\/bulletins-de-la-sh2pg-n1-2004\/\">Bulletins de la SH2PG &#8211; N\u00b001 &#8211; 2004<\/a><\/li><li class=\"wp-block-pages-list__item\"><a class=\"wp-block-pages-list__item__link\" href=\"https:\/\/sh2pg.fr\/2017\/bulletins\/bulletins-de-la-sh2pg-n2-2006\/\">Bulletins de la SH2PG &#8211; N\u00b002 &#8211; 2006<\/a><\/li><li class=\"wp-block-pages-list__item\"><a class=\"wp-block-pages-list__item__link\" href=\"https:\/\/sh2pg.fr\/2017\/bulletins\/bulletins-de-la-sh2pg-n3-2007\/\">Bulletins de la SH2PG &#8211; N\u00b003- 2007<\/a><\/li><li class=\"wp-block-pages-list__item\"><a class=\"wp-block-pages-list__item__link\" href=\"https:\/\/sh2pg.fr\/2017\/bulletins\/bulletins-de-la-sh2pg-n4-2008\/\">Bulletins de la SH2PG &#8211; N\u00b004- 2008<\/a><\/li><li class=\"wp-block-pages-list__item\"><a class=\"wp-block-pages-list__item__link\" href=\"https:\/\/sh2pg.fr\/2017\/bulletins\/bulletins-de-la-sh2pg-n5-2009\/\">Bulletins de la SH2PG &#8211; N\u00b005- 2009<\/a><\/li><li class=\"wp-block-pages-list__item\"><a class=\"wp-block-pages-list__item__link\" href=\"https:\/\/sh2pg.fr\/2017\/bulletins\/bulletins-de-la-sh2pg-n6-2011\/\">Bulletins de la SH2PG &#8211; N\u00b006- 2010<\/a><\/li><li class=\"wp-block-pages-list__item\"><a class=\"wp-block-pages-list__item__link\" href=\"https:\/\/sh2pg.fr\/2017\/bulletins\/bulletins-de-la-sh2pg-n7-2011\/\">Bulletins de la SH2PG &#8211; N\u00b007- 2011<\/a><\/li><li class=\"wp-block-pages-list__item\"><a class=\"wp-block-pages-list__item__link\" href=\"https:\/\/sh2pg.fr\/2017\/bulletins\/bulletins-de-la-sh2pg-n8-2012\/\">Bulletins de la SH2PG &#8211; N\u00b008- 2012<\/a><\/li><li class=\"wp-block-pages-list__item\"><a class=\"wp-block-pages-list__item__link\" href=\"https:\/\/sh2pg.fr\/2017\/bulletins\/bulletins-de-la-sh2pg-n9-2013-2\/\">Bulletins de la SH2PG &#8211; N\u00b009- 2013<\/a><\/li><li class=\"wp-block-pages-list__item\"><a class=\"wp-block-pages-list__item__link\" href=\"https:\/\/sh2pg.fr\/2017\/bulletins\/bulletins-de-la-sh2pg-n9-2013\/\">Bulletins de la SH2PG &#8211; N\u00b010 &#8211; 2014<\/a><\/li><li class=\"wp-block-pages-list__item\"><a class=\"wp-block-pages-list__item__link\" href=\"https:\/\/sh2pg.fr\/2017\/bulletins\/bulletins-de-la-sh2pg-n11-2015\/\">Bulletins de la SH2PG &#8211; N\u00b011 &#8211; 2015<\/a><\/li><li class=\"wp-block-pages-list__item\"><a class=\"wp-block-pages-list__item__link\" href=\"https:\/\/sh2pg.fr\/2017\/bulletins\/bulletins-de-la-sh2pg-n12-2016\/\">Bulletins de la SH2PG &#8211; N\u00b012 &#8211; 2016<\/a><\/li><li class=\"wp-block-pages-list__item\"><a class=\"wp-block-pages-list__item__link\" href=\"https:\/\/sh2pg.fr\/2017\/bulletins\/bulletins-de-la-sh2pg-n13-2017\/\">Bulletins de la SH2PG &#8211; N\u00b013 &#8211; 2017<\/a><\/li><li class=\"wp-block-pages-list__item\"><a class=\"wp-block-pages-list__item__link\" href=\"https:\/\/sh2pg.fr\/2017\/bulletins\/bulletins-de-la-sh2pg-n14-2018\/\">Bulletins de la SH2PG &#8211; N\u00b014 &#8211; 2018<\/a><\/li><li class=\"wp-block-pages-list__item\"><a class=\"wp-block-pages-list__item__link\" href=\"https:\/\/sh2pg.fr\/2017\/bulletins\/bulletins-de-la-sh2pg-n15-2019\/\">Bulletins de la SH2PG &#8211; N\u00b015 &#8211; 2019<\/a><\/li><li class=\"wp-block-pages-list__item\"><a class=\"wp-block-pages-list__item__link\" href=\"https:\/\/sh2pg.fr\/2017\/bulletins\/bulletins-de-la-sh2pg-n16-2020\/\">Bulletins de la SH2PG &#8211; N\u00b016 &#8211; 2020<\/a><\/li><li class=\"wp-block-pages-list__item\"><a class=\"wp-block-pages-list__item__link\" href=\"https:\/\/sh2pg.fr\/2017\/bulletins\/bulletins-de-la-sh2pg-n17-2021-2\/\">Bulletins de la SH2PG &#8211; N\u00b017 &#8211; 2021<\/a><\/li><li class=\"wp-block-pages-list__item\"><a class=\"wp-block-pages-list__item__link\" href=\"https:\/\/sh2pg.fr\/2017\/bulletins\/bulletins-de-la-sh2pg-n17-2021\/\">Bulletins de la SH2PG &#8211; N\u00b018 &#8211; 2022<\/a><\/li><li class=\"wp-block-pages-list__item\"><a class=\"wp-block-pages-list__item__link\" href=\"https:\/\/sh2pg.fr\/2017\/bulletins\/bulletins-de-la-sh2pg-n19-2023\/\">Bulletins de la SH2PG &#8211; N\u00b019 &#8211; 2023<\/a><\/li><li class=\"wp-block-pages-list__item\"><a class=\"wp-block-pages-list__item__link\" href=\"https:\/\/sh2pg.fr\/2017\/bulletins\/bulletins-de-la-sh2pg-n20-2024\/\">Bulletins de la SH2PG &#8211; N\u00b020 &#8211; 2024<\/a><\/li><li class=\"wp-block-pages-list__item\"><a class=\"wp-block-pages-list__item__link\" href=\"https:\/\/sh2pg.fr\/2017\/bulletins\/bulletins-de-la-sh2pg-n21-2025\/\">Bulletins de la SH2PG &#8211; N\u00b021 &#8211; 2025<\/a><\/li><\/ul>","protected":false},"excerpt":{"rendered":"<p>Tarif : 15 \u20ac Sommaire Yves DrillaudUn Parthenaisien oubli\u00e9 : le capitaine Aguillon. p. 31988-1994 : La marche vers un<\/p>\n","protected":false},"author":1,"featured_media":0,"parent":495,"menu_order":0,"comment_status":"closed","ping_status":"closed","template":"template-fullwidth.php","meta":{"_mc_calendar":[],"footnotes":""},"wf_page_folders":[20],"class_list":["post-2086","page","type-page","status-publish","hentry"],"_links":{"self":[{"href":"https:\/\/sh2pg.fr\/2017\/wp-json\/wp\/v2\/pages\/2086","targetHints":{"allow":["GET"]}}],"collection":[{"href":"https:\/\/sh2pg.fr\/2017\/wp-json\/wp\/v2\/pages"}],"about":[{"href":"https:\/\/sh2pg.fr\/2017\/wp-json\/wp\/v2\/types\/page"}],"author":[{"embeddable":true,"href":"https:\/\/sh2pg.fr\/2017\/wp-json\/wp\/v2\/users\/1"}],"replies":[{"embeddable":true,"href":"https:\/\/sh2pg.fr\/2017\/wp-json\/wp\/v2\/comments?post=2086"}],"version-history":[{"count":6,"href":"https:\/\/sh2pg.fr\/2017\/wp-json\/wp\/v2\/pages\/2086\/revisions"}],"predecessor-version":[{"id":2232,"href":"https:\/\/sh2pg.fr\/2017\/wp-json\/wp\/v2\/pages\/2086\/revisions\/2232"}],"up":[{"embeddable":true,"href":"https:\/\/sh2pg.fr\/2017\/wp-json\/wp\/v2\/pages\/495"}],"wp:attachment":[{"href":"https:\/\/sh2pg.fr\/2017\/wp-json\/wp\/v2\/media?parent=2086"}],"wp:term":[{"taxonomy":"wf_page_folders","embeddable":true,"href":"https:\/\/sh2pg.fr\/2017\/wp-json\/wp\/v2\/wf_page_folders?post=2086"}],"curies":[{"name":"wp","href":"https:\/\/api.w.org\/{rel}","templated":true}]}}