{"id":2031,"date":"2024-10-04T19:10:32","date_gmt":"2024-10-04T17:10:32","guid":{"rendered":"https:\/\/sh2pg.fr\/2017\/?page_id=2031"},"modified":"2024-11-07T12:17:29","modified_gmt":"2024-11-07T11:17:29","slug":"bulletins-de-la-sh2pg-n4-2008","status":"publish","type":"page","link":"https:\/\/sh2pg.fr\/2017\/bulletins\/bulletins-de-la-sh2pg-n4-2008\/","title":{"rendered":"Bulletins de la SH2PG &#8211; N\u00b004- 2008"},"content":{"rendered":"\n<div class=\"wp-block-columns is-layout-flex wp-container-core-columns-is-layout-1 wp-block-columns-is-layout-flex\">\n<div class=\"wp-block-column is-layout-flow wp-block-column-is-layout-flow\" style=\"flex-basis:33.33%\">\n<figure class=\"wp-block-image size-full is-resized\"><img loading=\"lazy\" decoding=\"async\" width=\"261\" height=\"375\" src=\"https:\/\/sh2pg.fr\/2017\/wp-content\/uploads\/publications\/image010.jpg\" alt=\"\" class=\"wp-image-26\" style=\"width:218px;height:auto\" srcset=\"https:\/\/sh2pg.fr\/2017\/wp-content\/uploads\/publications\/image010.jpg 261w, https:\/\/sh2pg.fr\/2017\/wp-content\/uploads\/publications\/image010-209x300.jpg 209w\" sizes=\"auto, (max-width: 261px) 100vw, 261px\" \/><\/figure>\n\n\n\n<p>Lot des quatre premiers num\u00e9ros, vendu au prix de 5 \u20ac<br>+ n\u00b00-Hors S\u00e9rie-2004<\/p>\n<\/div>\n\n\n\n<div class=\"wp-block-column is-layout-flow wp-block-column-is-layout-flow\" style=\"flex-basis:66.66%\">\n<p><strong>Sommaire<\/strong><\/p>\n\n\n\n<p><strong>VERDON Alb\u00e9ric,<\/strong> Louis Thomas, son histoire, son journal : \u00e0 la recherche d&rsquo;un inconnu <strong>p. 3<\/strong><br><strong>VERDON Alb\u00e9ric,<\/strong> Tanneurs, tanneries et moulins \u00e0 tan \u00e0 Parthenay <strong>p. 34<\/strong><br><strong>PACAUD Yves,<\/strong> Les d\u00e9buts de la R\u00e9volution dans un village de G\u00e2tine : La Peyratte, 1790-1792 <strong>p. 55<\/strong><br><strong>MONTOUX Michel,<\/strong> Une activit\u00e9 disparue : la production de chaux de la r\u00e9gion coulongenise <strong>p. 77<\/strong><br><strong>DRILLAUD Yves,<\/strong> La Grande Guerre \u00e0 Parthenay \u00e0 travers les d\u00e9lib\u00e9rations du conseil municipal. 3e partie : La victoire <strong>p. 99<\/strong><br><strong>BERNIER Michel,<\/strong> Les \u00e9coles rurales de G\u00e2tine au XIXe si\u00e8cle <strong>p. 112<\/strong><\/p>\n<\/div>\n<\/div>\n\n\n\n<div class=\"wp-block-algori-pdf-viewer-block-algori-pdf-viewer\"><iframe class=\"wp-block-algori-pdf-viewer-block-algori-pdf-viewer-iframe\" src=\"https:\/\/sh2pg.fr\/2017\/wp-content\/plugins\/algori-pdf-viewer\/dist\/web\/viewer.html?file=https%3A%2F%2Fsh2pg.fr%2F2017%2Fwp-content%2Fuploads%2Fbulletin_SHP2PG_4-2008.pdf\" style=\"width:1200px;height:700px\"><\/iframe><\/div>\n\n\n<ul class=\"wp-block-page-list\"><li class=\"wp-block-pages-list__item\"><a class=\"wp-block-pages-list__item__link\" href=\"https:\/\/sh2pg.fr\/2017\/bulletins\/bulletins-de-la-sh2pg-n0-hors-serie-2004\/\">Bulletins de la SH2PG &#8211; N\u00b00 hors s\u00e9rie &#8211; 2004<\/a><\/li><li class=\"wp-block-pages-list__item\"><a class=\"wp-block-pages-list__item__link\" href=\"https:\/\/sh2pg.fr\/2017\/bulletins\/bulletins-de-la-sh2pg-n1-2004\/\">Bulletins de la SH2PG &#8211; N\u00b001 &#8211; 2004<\/a><\/li><li class=\"wp-block-pages-list__item\"><a class=\"wp-block-pages-list__item__link\" href=\"https:\/\/sh2pg.fr\/2017\/bulletins\/bulletins-de-la-sh2pg-n2-2006\/\">Bulletins de la SH2PG &#8211; N\u00b002 &#8211; 2006<\/a><\/li><li class=\"wp-block-pages-list__item\"><a class=\"wp-block-pages-list__item__link\" href=\"https:\/\/sh2pg.fr\/2017\/bulletins\/bulletins-de-la-sh2pg-n3-2007\/\">Bulletins de la SH2PG &#8211; N\u00b003- 2007<\/a><\/li><li class=\"wp-block-pages-list__item\"><a class=\"wp-block-pages-list__item__link\" href=\"https:\/\/sh2pg.fr\/2017\/bulletins\/bulletins-de-la-sh2pg-n4-2008\/\">Bulletins de la SH2PG &#8211; N\u00b004- 2008<\/a><\/li><li class=\"wp-block-pages-list__item\"><a class=\"wp-block-pages-list__item__link\" href=\"https:\/\/sh2pg.fr\/2017\/bulletins\/bulletins-de-la-sh2pg-n5-2009\/\">Bulletins de la SH2PG &#8211; N\u00b005- 2009<\/a><\/li><li class=\"wp-block-pages-list__item\"><a class=\"wp-block-pages-list__item__link\" href=\"https:\/\/sh2pg.fr\/2017\/bulletins\/bulletins-de-la-sh2pg-n6-2011\/\">Bulletins de la SH2PG &#8211; N\u00b006- 2010<\/a><\/li><li class=\"wp-block-pages-list__item\"><a class=\"wp-block-pages-list__item__link\" href=\"https:\/\/sh2pg.fr\/2017\/bulletins\/bulletins-de-la-sh2pg-n7-2011\/\">Bulletins de la SH2PG &#8211; N\u00b007- 2011<\/a><\/li><li class=\"wp-block-pages-list__item\"><a class=\"wp-block-pages-list__item__link\" href=\"https:\/\/sh2pg.fr\/2017\/bulletins\/bulletins-de-la-sh2pg-n8-2012\/\">Bulletins de la SH2PG &#8211; N\u00b008- 2012<\/a><\/li><li class=\"wp-block-pages-list__item\"><a class=\"wp-block-pages-list__item__link\" href=\"https:\/\/sh2pg.fr\/2017\/bulletins\/bulletins-de-la-sh2pg-n9-2013-2\/\">Bulletins de la SH2PG &#8211; N\u00b009- 2013<\/a><\/li><li class=\"wp-block-pages-list__item\"><a class=\"wp-block-pages-list__item__link\" href=\"https:\/\/sh2pg.fr\/2017\/bulletins\/bulletins-de-la-sh2pg-n9-2013\/\">Bulletins de la SH2PG &#8211; N\u00b010 &#8211; 2014<\/a><\/li><li class=\"wp-block-pages-list__item\"><a class=\"wp-block-pages-list__item__link\" href=\"https:\/\/sh2pg.fr\/2017\/bulletins\/bulletins-de-la-sh2pg-n11-2015\/\">Bulletins de la SH2PG &#8211; N\u00b011 &#8211; 2015<\/a><\/li><li class=\"wp-block-pages-list__item\"><a class=\"wp-block-pages-list__item__link\" href=\"https:\/\/sh2pg.fr\/2017\/bulletins\/bulletins-de-la-sh2pg-n12-2016\/\">Bulletins de la SH2PG &#8211; N\u00b012 &#8211; 2016<\/a><\/li><li class=\"wp-block-pages-list__item\"><a class=\"wp-block-pages-list__item__link\" href=\"https:\/\/sh2pg.fr\/2017\/bulletins\/bulletins-de-la-sh2pg-n13-2017\/\">Bulletins de la SH2PG &#8211; N\u00b013 &#8211; 2017<\/a><\/li><li class=\"wp-block-pages-list__item\"><a class=\"wp-block-pages-list__item__link\" href=\"https:\/\/sh2pg.fr\/2017\/bulletins\/bulletins-de-la-sh2pg-n14-2018\/\">Bulletins de la SH2PG &#8211; N\u00b014 &#8211; 2018<\/a><\/li><li class=\"wp-block-pages-list__item\"><a class=\"wp-block-pages-list__item__link\" href=\"https:\/\/sh2pg.fr\/2017\/bulletins\/bulletins-de-la-sh2pg-n15-2019\/\">Bulletins de la SH2PG &#8211; N\u00b015 &#8211; 2019<\/a><\/li><li class=\"wp-block-pages-list__item\"><a class=\"wp-block-pages-list__item__link\" href=\"https:\/\/sh2pg.fr\/2017\/bulletins\/bulletins-de-la-sh2pg-n16-2020\/\">Bulletins de la SH2PG &#8211; N\u00b016 &#8211; 2020<\/a><\/li><li class=\"wp-block-pages-list__item\"><a class=\"wp-block-pages-list__item__link\" href=\"https:\/\/sh2pg.fr\/2017\/bulletins\/bulletins-de-la-sh2pg-n17-2021-2\/\">Bulletins de la SH2PG &#8211; N\u00b017 &#8211; 2021<\/a><\/li><li class=\"wp-block-pages-list__item\"><a class=\"wp-block-pages-list__item__link\" href=\"https:\/\/sh2pg.fr\/2017\/bulletins\/bulletins-de-la-sh2pg-n17-2021\/\">Bulletins de la SH2PG &#8211; N\u00b018 &#8211; 2022<\/a><\/li><li class=\"wp-block-pages-list__item\"><a class=\"wp-block-pages-list__item__link\" href=\"https:\/\/sh2pg.fr\/2017\/bulletins\/bulletins-de-la-sh2pg-n19-2023\/\">Bulletins de la SH2PG &#8211; N\u00b019 &#8211; 2023<\/a><\/li><li class=\"wp-block-pages-list__item\"><a class=\"wp-block-pages-list__item__link\" href=\"https:\/\/sh2pg.fr\/2017\/bulletins\/bulletins-de-la-sh2pg-n20-2024\/\">Bulletins de la SH2PG &#8211; N\u00b020 &#8211; 2024<\/a><\/li><li class=\"wp-block-pages-list__item\"><a class=\"wp-block-pages-list__item__link\" href=\"https:\/\/sh2pg.fr\/2017\/bulletins\/bulletins-de-la-sh2pg-n21-2025\/\">Bulletins de la SH2PG &#8211; N\u00b021 &#8211; 2025<\/a><\/li><\/ul>","protected":false},"excerpt":{"rendered":"<p>Lot des quatre premiers num\u00e9ros, vendu au prix de 5 \u20ac+ n\u00b00-Hors S\u00e9rie-2004 Sommaire VERDON Alb\u00e9ric, Louis Thomas, son histoire,<\/p>\n","protected":false},"author":1,"featured_media":0,"parent":495,"menu_order":0,"comment_status":"closed","ping_status":"closed","template":"template-fullwidth.php","meta":{"_mc_calendar":[],"footnotes":""},"wf_page_folders":[20],"class_list":["post-2031","page","type-page","status-publish","hentry"],"_links":{"self":[{"href":"https:\/\/sh2pg.fr\/2017\/wp-json\/wp\/v2\/pages\/2031","targetHints":{"allow":["GET"]}}],"collection":[{"href":"https:\/\/sh2pg.fr\/2017\/wp-json\/wp\/v2\/pages"}],"about":[{"href":"https:\/\/sh2pg.fr\/2017\/wp-json\/wp\/v2\/types\/page"}],"author":[{"embeddable":true,"href":"https:\/\/sh2pg.fr\/2017\/wp-json\/wp\/v2\/users\/1"}],"replies":[{"embeddable":true,"href":"https:\/\/sh2pg.fr\/2017\/wp-json\/wp\/v2\/comments?post=2031"}],"version-history":[{"count":4,"href":"https:\/\/sh2pg.fr\/2017\/wp-json\/wp\/v2\/pages\/2031\/revisions"}],"predecessor-version":[{"id":2216,"href":"https:\/\/sh2pg.fr\/2017\/wp-json\/wp\/v2\/pages\/2031\/revisions\/2216"}],"up":[{"embeddable":true,"href":"https:\/\/sh2pg.fr\/2017\/wp-json\/wp\/v2\/pages\/495"}],"wp:attachment":[{"href":"https:\/\/sh2pg.fr\/2017\/wp-json\/wp\/v2\/media?parent=2031"}],"wp:term":[{"taxonomy":"wf_page_folders","embeddable":true,"href":"https:\/\/sh2pg.fr\/2017\/wp-json\/wp\/v2\/wf_page_folders?post=2031"}],"curies":[{"name":"wp","href":"https:\/\/api.w.org\/{rel}","templated":true}]}}