{"id":1533,"date":"2023-10-11T12:32:13","date_gmt":"2023-10-11T10:32:13","guid":{"rendered":"http:\/\/sh2pg.fr\/2017\/?page_id=1533"},"modified":"2025-02-26T15:09:00","modified_gmt":"2025-02-26T14:09:00","slug":"v-journee-de-lhistoire-en-deux-sevres-a-thouars-le-dimanche-1-octobre-2023","status":"publish","type":"page","link":"https:\/\/sh2pg.fr\/2017\/v-journee-de-lhistoire-en-deux-sevres-a-thouars-le-dimanche-1-octobre-2023\/","title":{"rendered":"5\u00e8me Journ\u00e9e de l&rsquo;Histoire en Deux-S\u00e8vres"},"content":{"rendered":"\n<figure class=\"wp-block-image size-large\"><img loading=\"lazy\" decoding=\"async\" width=\"1024\" height=\"706\" src=\"http:\/\/sh2pg.fr\/2017\/wp-content\/uploads\/Capture-decran-2023-10-11-164103-1024x706.jpg\" alt=\"\" class=\"wp-image-1542\" srcset=\"https:\/\/sh2pg.fr\/2017\/wp-content\/uploads\/Capture-decran-2023-10-11-164103-1024x706.jpg 1024w, https:\/\/sh2pg.fr\/2017\/wp-content\/uploads\/Capture-decran-2023-10-11-164103-300x207.jpg 300w, https:\/\/sh2pg.fr\/2017\/wp-content\/uploads\/Capture-decran-2023-10-11-164103-768x530.jpg 768w, https:\/\/sh2pg.fr\/2017\/wp-content\/uploads\/Capture-decran-2023-10-11-164103.jpg 1121w\" sizes=\"auto, (max-width: 1024px) 100vw, 1024px\" \/><\/figure>\n\n\n\n<figure class=\"wp-block-image size-large\"><img loading=\"lazy\" decoding=\"async\" width=\"1024\" height=\"699\" src=\"http:\/\/sh2pg.fr\/2017\/wp-content\/uploads\/Capture-decran-PROGRAMME-1024x699.jpg\" alt=\"\" class=\"wp-image-1543\" srcset=\"https:\/\/sh2pg.fr\/2017\/wp-content\/uploads\/Capture-decran-PROGRAMME-1024x699.jpg 1024w, https:\/\/sh2pg.fr\/2017\/wp-content\/uploads\/Capture-decran-PROGRAMME-300x205.jpg 300w, https:\/\/sh2pg.fr\/2017\/wp-content\/uploads\/Capture-decran-PROGRAMME-768x524.jpg 768w, https:\/\/sh2pg.fr\/2017\/wp-content\/uploads\/Capture-decran-PROGRAMME.jpg 1124w\" sizes=\"auto, (max-width: 1024px) 100vw, 1024px\" \/><\/figure>\n","protected":false},"excerpt":{"rendered":"","protected":false},"author":1,"featured_media":0,"parent":0,"menu_order":0,"comment_status":"closed","ping_status":"closed","template":"","meta":{"_mc_calendar":[],"footnotes":""},"wf_page_folders":[25],"class_list":["post-1533","page","type-page","status-publish","hentry"],"_links":{"self":[{"href":"https:\/\/sh2pg.fr\/2017\/wp-json\/wp\/v2\/pages\/1533","targetHints":{"allow":["GET"]}}],"collection":[{"href":"https:\/\/sh2pg.fr\/2017\/wp-json\/wp\/v2\/pages"}],"about":[{"href":"https:\/\/sh2pg.fr\/2017\/wp-json\/wp\/v2\/types\/page"}],"author":[{"embeddable":true,"href":"https:\/\/sh2pg.fr\/2017\/wp-json\/wp\/v2\/users\/1"}],"replies":[{"embeddable":true,"href":"https:\/\/sh2pg.fr\/2017\/wp-json\/wp\/v2\/comments?post=1533"}],"version-history":[{"count":4,"href":"https:\/\/sh2pg.fr\/2017\/wp-json\/wp\/v2\/pages\/1533\/revisions"}],"predecessor-version":[{"id":2263,"href":"https:\/\/sh2pg.fr\/2017\/wp-json\/wp\/v2\/pages\/1533\/revisions\/2263"}],"wp:attachment":[{"href":"https:\/\/sh2pg.fr\/2017\/wp-json\/wp\/v2\/media?parent=1533"}],"wp:term":[{"taxonomy":"wf_page_folders","embeddable":true,"href":"https:\/\/sh2pg.fr\/2017\/wp-json\/wp\/v2\/wf_page_folders?post=1533"}],"curies":[{"name":"wp","href":"https:\/\/api.w.org\/{rel}","templated":true}]}}