{"id":1483,"date":"2023-08-16T19:06:10","date_gmt":"2023-08-16T17:06:10","guid":{"rendered":"http:\/\/sh2pg.fr\/2017\/?page_id=1483"},"modified":"2023-11-08T18:43:21","modified_gmt":"2023-11-08T17:43:21","slug":"conferences-du-dernier-trimestre-2023","status":"publish","type":"page","link":"https:\/\/sh2pg.fr\/2017\/conferences-du-dernier-trimestre-2023\/","title":{"rendered":"Conf\u00e9rences du dernier trimestre 2023"},"content":{"rendered":"\n<h2 class=\"wp-block-heading\">____Programme_________________________________________________________<\/h2>\n\n\n\n<h3 class=\"wp-block-heading\"><em><mark>le vendredi 13 octobre 2023<\/mark><\/em><\/h3>\n\n\n\n<p><strong><em>\u00ab&nbsp;Les grandes familles industrielles et commer\u00e7antes de Parthenay&nbsp;\u00bb<\/em>&nbsp;<em>par Yves Drillaud<\/em><\/strong><\/p>\n\n\n\n<p class=\"has-text-align-center\"><mark style=\"background-color:#f4dd03\" class=\"has-inline-color\"> <\/mark><img loading=\"lazy\" decoding=\"async\" width=\"300\" height=\"171\" class=\"wp-image-1531\" style=\"width: 300px;\" src=\"http:\/\/sh2pg.fr\/2017\/wp-content\/uploads\/ensemble-bussing-8000.jpeg\" alt=\"\" srcset=\"https:\/\/sh2pg.fr\/2017\/wp-content\/uploads\/ensemble-bussing-8000.jpeg 2423w, https:\/\/sh2pg.fr\/2017\/wp-content\/uploads\/ensemble-bussing-8000-300x171.jpeg 300w, https:\/\/sh2pg.fr\/2017\/wp-content\/uploads\/ensemble-bussing-8000-1024x585.jpeg 1024w, https:\/\/sh2pg.fr\/2017\/wp-content\/uploads\/ensemble-bussing-8000-768x439.jpeg 768w, https:\/\/sh2pg.fr\/2017\/wp-content\/uploads\/ensemble-bussing-8000-1536x878.jpeg 1536w, https:\/\/sh2pg.fr\/2017\/wp-content\/uploads\/ensemble-bussing-8000-2048x1171.jpeg 2048w\" sizes=\"auto, (max-width: 300px) 100vw, 300px\" \/><\/p>\n\n\n\n<blockquote class=\"wp-block-quote is-layout-flow wp-block-quote-is-layout-flow\">\n<p><em>Yves Drillaud pr\u00e9sente l\u2019histoire des principales familles qui ont fait la gloire commer\u00e7ante et industrielle de Parthenay au temps des Trente Glorieuses. Il \u00e9voque les entreprises n\u00e9es avant la deuxi\u00e8me Guerre mondiale (La Cha\u00eenette, Aubrun, Fillon, la briqueterie Ayrault, les Etablissements Herv\u00e9) puis celles qui apparaissent apr\u00e8s 1945 (Panzani, Roche-Fortun\u00e9, Etalmobil et la Sovam, la boyauderie Peignon). Il explique comment ces entreprises ont pu repr\u00e9senter plus de 1 600 emplois en 1966 contre environ 400 aujourd\u2019hui. Ses propos seront illustr\u00e9s par la projection de 200 diapositives.<\/em><\/p>\n<\/blockquote>\n\n\n\n<h3 class=\"wp-block-heading\"><em><mark>le vendredi 3 novembre 2023<\/mark><\/em><\/h3>\n\n\n\n<p><strong><em>\u00ab&nbsp;Filles soumises et femmes rejet\u00e9es : Prostitutions et prostitu\u00e9es dans les Deux-S\u00e8vres du XIXe si\u00e8cle \u00e0 1946&nbsp;\u00bb<\/em><\/strong>&nbsp;<em><strong>par Beno\u00eet Sanc\u00e9.<\/strong><\/em><br><\/p>\n\n\n<div class=\"wp-block-image\">\n<figure class=\"aligncenter size-large is-resized\"><img loading=\"lazy\" decoding=\"async\" src=\"http:\/\/sh2pg.fr\/2017\/wp-content\/uploads\/illustration-prostituees-1024x768.jpg\" alt=\"\" class=\"wp-image-1554\" width=\"293\" height=\"220\" srcset=\"https:\/\/sh2pg.fr\/2017\/wp-content\/uploads\/illustration-prostituees-1024x768.jpg 1024w, https:\/\/sh2pg.fr\/2017\/wp-content\/uploads\/illustration-prostituees-300x225.jpg 300w, https:\/\/sh2pg.fr\/2017\/wp-content\/uploads\/illustration-prostituees-768x576.jpg 768w, https:\/\/sh2pg.fr\/2017\/wp-content\/uploads\/illustration-prostituees-1536x1152.jpg 1536w, https:\/\/sh2pg.fr\/2017\/wp-content\/uploads\/illustration-prostituees-2048x1536.jpg 2048w\" sizes=\"auto, (max-width: 293px) 100vw, 293px\" \/><\/figure><\/div>\n\n\n<blockquote class=\"wp-block-quote is-layout-flow wp-block-quote-is-layout-flow\">\n<p>Aujourd\u2019hui, la prostitution est marqu\u00e9e par un certain nombre<br>d\u2019\u00e9volutions : les r\u00e9seaux sociaux, l\u2019augmentation de la prostitution des<br>mineurs, la diminution du racolage au profit d\u2019autres moyens, de nouveaux<br>profils de prostitu\u00e9s. Mais pour mieux comprendre le ph\u00e9nom\u00e8ne et<br>construire un \u00e9quilibre entre pr\u00e9vention et r\u00e9pression, il est utile de<br>s\u2019appuyer sur le pass\u00e9.<br>Dans ce contexte, on peut se poser un certain nombre de questions sur la<br>prostitution dans les Deux-S\u00e8vres aux XIXe<br>et XXe<br>si\u00e8cles. Qui \u00e9taient ces<br>prostitu\u00e9es et d\u2019o\u00f9 venaient-elles ? Quels sont leurs caract\u00e9ristiques et<br>comment sont-elles accept\u00e9es ? Quels sont les lieux de prostitution et<br>comment cela se passe-t-il dans les communes concern\u00e9es ? Face \u00e0 ce ph\u00e9nom\u00e8ne, comment r\u00e9agissent les<br>autorit\u00e9s \u00e9tatiques, municipales, militaires et sanitaires entre complicit\u00e9, tol\u00e9rance et r\u00e9pression ?<\/p>\n<\/blockquote>\n\n\n\n<h4 class=\"wp-block-heading\"><mark style=\"background-color:#e9df0c\" class=\"has-inline-color\">vendredi 8 d\u00e9cembre<\/mark><\/h4>\n\n\n\n<h4 class=\"wp-block-heading\">\u00ab Les seigneuries de Ch\u00e2teauneuf, une sp\u00e9cificit\u00e9 de la Baronnie de Parthenay\u00bb par Alb\u00e9ric Verdon<\/h4>\n\n\n<div class=\"wp-block-image\">\n<figure class=\"aligncenter size-large is-resized\"><img loading=\"lazy\" decoding=\"async\" src=\"http:\/\/sh2pg.fr\/2017\/wp-content\/uploads\/vue_generale_Chateauneuf-1024x683.jpg\" alt=\"\" class=\"wp-image-1555\" width=\"330\" height=\"220\" srcset=\"https:\/\/sh2pg.fr\/2017\/wp-content\/uploads\/vue_generale_Chateauneuf-1024x683.jpg 1024w, https:\/\/sh2pg.fr\/2017\/wp-content\/uploads\/vue_generale_Chateauneuf-300x200.jpg 300w, https:\/\/sh2pg.fr\/2017\/wp-content\/uploads\/vue_generale_Chateauneuf-768x512.jpg 768w, https:\/\/sh2pg.fr\/2017\/wp-content\/uploads\/vue_generale_Chateauneuf-120x80.jpg 120w, https:\/\/sh2pg.fr\/2017\/wp-content\/uploads\/vue_generale_Chateauneuf.jpg 1181w\" sizes=\"auto, (max-width: 330px) 100vw, 330px\" \/><\/figure><\/div>\n\n\n<blockquote class=\"wp-block-quote is-layout-flow wp-block-quote-is-layout-flow\">\n<p>La baronnie de Parthenay a une structure f\u00e9odale sortant de<br>l\u2019ordinaire, avec un syst\u00e8me sp\u00e9cifique pour ses seigneuries<br>p\u00e9riph\u00e9riques que des recherches r\u00e9centes ont mis en \u00e9vidence. On<br>trouve ainsi sur un m\u00eame lieu deux suzerainet\u00e9s autour d\u2019une<br>seigneurie militaire et d\u2019une seigneurie judiciaire. Les seigneuries de<br>Ch\u00e2teauneuf-en-G\u00e2tine et de Ch\u00e2teauneuf-Thouarsais, \u00e0 Largeasse,<br>en sont un bel exemple bien document\u00e9.<\/p>\n<\/blockquote>\n","protected":false},"excerpt":{"rendered":"<p>____Programme_________________________________________________________ le vendredi 13 octobre 2023 Yves Drillaud pr\u00e9sente l\u2019histoire des principales familles qui ont fait la gloire commer\u00e7ante et<\/p>\n","protected":false},"author":1,"featured_media":0,"parent":0,"menu_order":0,"comment_status":"closed","ping_status":"closed","template":"","meta":{"_mc_calendar":[],"footnotes":""},"wf_page_folders":[24],"class_list":["post-1483","page","type-page","status-publish","hentry"],"_links":{"self":[{"href":"https:\/\/sh2pg.fr\/2017\/wp-json\/wp\/v2\/pages\/1483","targetHints":{"allow":["GET"]}}],"collection":[{"href":"https:\/\/sh2pg.fr\/2017\/wp-json\/wp\/v2\/pages"}],"about":[{"href":"https:\/\/sh2pg.fr\/2017\/wp-json\/wp\/v2\/types\/page"}],"author":[{"embeddable":true,"href":"https:\/\/sh2pg.fr\/2017\/wp-json\/wp\/v2\/users\/1"}],"replies":[{"embeddable":true,"href":"https:\/\/sh2pg.fr\/2017\/wp-json\/wp\/v2\/comments?post=1483"}],"version-history":[{"count":5,"href":"https:\/\/sh2pg.fr\/2017\/wp-json\/wp\/v2\/pages\/1483\/revisions"}],"predecessor-version":[{"id":1619,"href":"https:\/\/sh2pg.fr\/2017\/wp-json\/wp\/v2\/pages\/1483\/revisions\/1619"}],"wp:attachment":[{"href":"https:\/\/sh2pg.fr\/2017\/wp-json\/wp\/v2\/media?parent=1483"}],"wp:term":[{"taxonomy":"wf_page_folders","embeddable":true,"href":"https:\/\/sh2pg.fr\/2017\/wp-json\/wp\/v2\/wf_page_folders?post=1483"}],"curies":[{"name":"wp","href":"https:\/\/api.w.org\/{rel}","templated":true}]}}