{"id":146,"date":"2017-08-07T22:09:27","date_gmt":"2017-08-07T20:09:27","guid":{"rendered":"http:\/\/sh2pg.fr\/2017\/?page_id=146"},"modified":"2017-08-29T21:25:41","modified_gmt":"2017-08-29T19:25:41","slug":"qui-sommes-nous","status":"publish","type":"page","link":"https:\/\/sh2pg.fr\/2017\/lassociation-2\/qui-sommes-nous\/","title":{"rendered":"Qui sommes nous ?"},"content":{"rendered":"<p>La Soci\u00e9t\u00e9 Historique de Parthenay &amp; du Pays de G\u00e2tine est n\u00e9e d&rsquo;une fusion cr\u00e9ation avec l&rsquo;association \u00ab\u00a0les Amis des Antiquit\u00e9s de Parthenay\u00a0\u00bb et \u00ab\u00a0Patrimoines en G\u00e2tine\u00a0\u00bb, le 10 mars 2004, suite \u00e0 une r\u00e9actualisation des statuts de cette derni\u00e8re et \u00e0 de nouvelles orientations.<br \/>\nSouhaitant faire progresser les recherches en histoire, elle s&rsquo;est donn\u00e9 pour objectif de faire conna\u00eetre au plus vaste public possible le patrimoine et l&rsquo;histoire de Parthenay et du Pays de G\u00e2tine et d&rsquo;effectuer toutes recherches ou \u00e9tudes en la mati\u00e8re en vue de la r\u00e9alisation et la publication d&rsquo;ouvrages touchant au patrimoine historique, sous toutes ses formes.<br \/>\nDes communications p\u00e9riodiques des historiens et des chercheurs sont organis\u00e9es, sous forme de conf\u00e9rences mensuelles de septembre \u00e0 mai.<\/p>\n<p>\u00ab\u00a0La Soci\u00e9t\u00e9 Historique de Parthenay &amp; du Pays de G\u00e2tine est n\u00e9e le 9 avril 2004. Elle succ\u00e8de \u00e0 deux soci\u00e9t\u00e9s qui, en leur temps, ont remport\u00e9 un vif succ\u00e8s aupr\u00e8s de leurs soci\u00e9taires. En sommeil l&rsquo;une et l&rsquo;autre, il \u00e9tait indispensable d&rsquo;en assurer la rel\u00e8ve.<br \/>\nLa nouvelle soci\u00e9t\u00e9, ancr\u00e9e toujours \u00e0 Parthenay, s&rsquo;inscrit aussi dans un territoire officiel relativement r\u00e9cent, le Pays de G\u00e2tine, qui jouera un r\u00f4le grandissant dans l&rsquo;avenir. Cet espace a \u00e9galement l&rsquo;avantage de correspondre en grande partie avec les limites de la G\u00e2tine la plus ancienne, laquelle sera aussi de notre ressort.<br \/>\nL&rsquo;objectif de la soci\u00e9t\u00e9 est de faire progresser la recherche historique, de la pr\u00e9histoire au temps pr\u00e9sent. Elle s&rsquo;adresse \u00e0 tous les amateurs d&rsquo;histoire, qu&rsquo;ils soient professionnels ou non. La seule r\u00e8gle est de respecter la rigueur qui s&rsquo;attache \u00e0 toute recherche. L&rsquo;un de nos buts est de publier un bulletin au moins annuel.<br \/>\nGr\u00e2ce \u00e0 la vari\u00e9t\u00e9 des th\u00e8mes abord\u00e9s dans cette premi\u00e8re parution nous esp\u00e9rons que la Soci\u00e9t\u00e9 Historique de Parthenay &amp; du Pays de G\u00e2tine fera mieux comprendre le pass\u00e9 et le pr\u00e9sent de cette r\u00e9gion, et, au-del\u00e0 de l&rsquo;histoire nationale, car l&rsquo;une et l&rsquo;autre ne peuvent progresser qu&rsquo;ensemble.<br \/>\nMais nous ne saurions nous borner \u00e0 la seule publication d&rsquo;une revue. Des r\u00e9unions de travail, des conf\u00e9rences, des journ\u00e9es d&rsquo;\u00e9tude viendront compl\u00e9ter ses activit\u00e9s.<br \/>\nCar c&rsquo;est \u00e0 travers la r\u00e9flexion collective que pourront se pr\u00e9ciser les caract\u00e9ristiques de la nouvelle soci\u00e9t\u00e9 ainsi que le r\u00f4le qu&rsquo;elle jouera dans la vie culturelle de Parthenay et de la G\u00e2tine\u00a0\u00bb.<\/p>\n<p>&nbsp;<\/p>\n<p><em><strong>Liliane Blais<\/strong><\/em><br \/>\n<em><strong>Pr\u00e9sidente de la Soci\u00e9t\u00e9 Historique de Parthenay &amp; du Pays de G\u00e2tine.<\/strong><\/em><\/p>\n","protected":false},"excerpt":{"rendered":"<p>La Soci\u00e9t\u00e9 Historique de Parthenay &amp; du Pays de G\u00e2tine est n\u00e9e d&rsquo;une fusion cr\u00e9ation avec l&rsquo;association \u00ab\u00a0les Amis des<\/p>\n","protected":false},"author":1,"featured_media":0,"parent":144,"menu_order":0,"comment_status":"closed","ping_status":"closed","template":"","meta":{"_mc_calendar":[],"footnotes":""},"wf_page_folders":[29],"class_list":["post-146","page","type-page","status-publish","hentry"],"_links":{"self":[{"href":"https:\/\/sh2pg.fr\/2017\/wp-json\/wp\/v2\/pages\/146","targetHints":{"allow":["GET"]}}],"collection":[{"href":"https:\/\/sh2pg.fr\/2017\/wp-json\/wp\/v2\/pages"}],"about":[{"href":"https:\/\/sh2pg.fr\/2017\/wp-json\/wp\/v2\/types\/page"}],"author":[{"embeddable":true,"href":"https:\/\/sh2pg.fr\/2017\/wp-json\/wp\/v2\/users\/1"}],"replies":[{"embeddable":true,"href":"https:\/\/sh2pg.fr\/2017\/wp-json\/wp\/v2\/comments?post=146"}],"version-history":[{"count":2,"href":"https:\/\/sh2pg.fr\/2017\/wp-json\/wp\/v2\/pages\/146\/revisions"}],"predecessor-version":[{"id":356,"href":"https:\/\/sh2pg.fr\/2017\/wp-json\/wp\/v2\/pages\/146\/revisions\/356"}],"up":[{"embeddable":true,"href":"https:\/\/sh2pg.fr\/2017\/wp-json\/wp\/v2\/pages\/144"}],"wp:attachment":[{"href":"https:\/\/sh2pg.fr\/2017\/wp-json\/wp\/v2\/media?parent=146"}],"wp:term":[{"taxonomy":"wf_page_folders","embeddable":true,"href":"https:\/\/sh2pg.fr\/2017\/wp-json\/wp\/v2\/wf_page_folders?post=146"}],"curies":[{"name":"wp","href":"https:\/\/api.w.org\/{rel}","templated":true}]}}